{"id":2183,"date":"2026-01-13T21:49:34","date_gmt":"2026-01-13T21:49:34","guid":{"rendered":"https:\/\/coupdecoin.fr\/services-2\/"},"modified":"2026-03-13T11:34:10","modified_gmt":"2026-03-13T11:34:10","slug":"services-2","status":"publish","type":"page","link":"https:\/\/coupdecoin.fr\/?page_id=2183","title":{"rendered":"Services"},"content":{"rendered":"\n<div class=\"wp-block-uagb-container uagb-block-6e6795cc alignfull uagb-is-root-container\"><div class=\"uagb-container-inner-blocks-wrap\">\n<div class=\"wp-block-uagb-info-box uagb-block-2b3d8aef uagb-infobox__content-wrap  uagb-infobox-icon-above-title uagb-infobox-image-valign-top\"><div class=\"uagb-ifb-content\"><div class=\"uagb-ifb-title-wrap\"><span class=\"uagb-ifb-title-prefix\">Nos services de qualit\u00e9<\/span><h1 class=\"uagb-ifb-title\">D\u00e9montage, Transport et R\u00e9installation<\/h1><\/div><\/div><\/div>\n<\/div><\/div>\n\n\n\n<div class=\"wp-block-uagb-container uagb-block-c4e157a0 alignfull uagb-is-root-container\"><div class=\"uagb-container-inner-blocks-wrap\">\n<div class=\"wp-block-uagb-container uagb-block-7b2ae4e0 alignfull uagb-is-root-container\"><div class=\"uagb-container-inner-blocks-wrap\">\n<div class=\"wp-block-uagb-container uagb-block-9c729b6d\">\n<div class=\"wp-block-uagb-info-box uagb-block-965a49b3 uagb-infobox__content-wrap  uagb-infobox-icon-above-title uagb-infobox-image-valign-top wp-block-uagb-info-box--has-margin\"><div class=\"uagb-infobox-margin-wrapper\"><div class=\"uagb-ifb-content\"><div class=\"uagb-ifb-title-wrap\"><span class=\"uagb-ifb-title-prefix\">01<\/span><h2 class=\"uagb-ifb-title\">D\u00e9montage Professionnel<\/h2><\/div><p class=\"uagb-ifb-desc\">Nos experts assurent un d\u00e9montage soign\u00e9 de vos meubles pour \u00e9viter les dommages. Chaque pi\u00e8ce est manipul\u00e9e avec prudence afin de garantir une r\u00e9installation sans complications.<\/p><\/div><\/div><\/div>\n<\/div>\n\n\n\n<div class=\"wp-block-uagb-container uagb-block-2b36acf2\">\n<div class=\"wp-block-uagb-image alignleft uagb-block-e782fd24 wp-block-uagb-image--layout-default wp-block-uagb-image--effect-static wp-block-uagb-image--align-left\"><figure class=\"wp-block-uagb-image__figure\"><img decoding=\"async\" srcset=\"https:\/\/coupdecoin.fr\/wp-content\/uploads\/2026\/01\/Montage-de-meuble-1024x678.jpeg ,https:\/\/coupdecoin.fr\/wp-content\/uploads\/2026\/01\/Montage-de-meuble.jpeg 780w, https:\/\/coupdecoin.fr\/wp-content\/uploads\/2026\/01\/Montage-de-meuble.jpeg 360w\" sizes=\"auto, (max-width: 480px) 150px\" src=\"https:\/\/coupdecoin.fr\/wp-content\/uploads\/2026\/01\/Montage-de-meuble-1024x678.jpeg\" alt=\"assembling of furniture closeup\" class=\"uag-image-2249\" width=\"550\" height=\"564\" title=\"assembling of furniture closeup\" loading=\"lazy\" role=\"img\"\/><\/figure><\/div>\n\n\n\n<div class=\"wp-block-uagb-image aligncenter uagb-block-6e8fa1d9 wp-block-uagb-image--layout-default wp-block-uagb-image--effect-static wp-block-uagb-image--align-center uag-blocks-common-selector\" style=\"--z-index-desktop:1;;--z-index-tablet:undefined;;--z-index-mobile:undefined;\"><figure class=\"wp-block-uagb-image__figure\"><img decoding=\"async\" srcset=\"https:\/\/coupdecoin.fr\/wp-content\/uploads\/2026\/01\/depositphotos_312966442-stock-photo-two-young-male-movers-wrapping.webp ,https:\/\/coupdecoin.fr\/wp-content\/uploads\/2026\/01\/depositphotos_312966442-stock-photo-two-young-male-movers-wrapping.webp 780w, https:\/\/coupdecoin.fr\/wp-content\/uploads\/2026\/01\/depositphotos_312966442-stock-photo-two-young-male-movers-wrapping.webp 360w\" sizes=\"auto, (max-width: 480px) 150px\" src=\"https:\/\/coupdecoin.fr\/wp-content\/uploads\/2026\/01\/depositphotos_312966442-stock-photo-two-young-male-movers-wrapping.webp\" alt=\"depositphotos 312966442 stock photo two young male movers wrapping\" class=\"uag-image-2250\" width=\"252\" height=\"252\" title=\"depositphotos 312966442 stock photo two young male movers wrapping\" loading=\"lazy\" role=\"img\"\/><\/figure><\/div>\n<\/div>\n<\/div><\/div>\n\n\n\n<div class=\"wp-block-uagb-container uagb-block-bc484325\">\n<div class=\"wp-block-uagb-container uagb-block-12ad88c7\">\n<div class=\"wp-block-uagb-info-box uagb-block-770ab822 uagb-infobox__content-wrap  uagb-infobox-icon-above-title uagb-infobox-image-valign-top wp-block-uagb-info-box--has-margin\"><div class=\"uagb-infobox-margin-wrapper\"><div class=\"uagb-ifb-content\"><div class=\"uagb-ifb-title-wrap\"><span class=\"uagb-ifb-title-prefix\">02<\/span><h2 class=\"uagb-ifb-title\">Transport Fiable<\/h2><\/div><p class=\"uagb-ifb-desc\">Nous proposons un service de transport adapt\u00e9 pour vos meubles et \u00e9lectrom\u00e9nagers, assurant une livraison s\u00e9curis\u00e9e et rapide. B\u00e9n\u00e9ficiez de notre flotte de v\u00e9hicules adapt\u00e9s \u00e0 vos besoins.<\/p><\/div><\/div><\/div>\n<\/div>\n\n\n\n<div class=\"wp-block-uagb-container uagb-block-4b07f275\">\n<div class=\"wp-block-uagb-image alignleft uagb-block-4af530da wp-block-uagb-image--layout-default wp-block-uagb-image--effect-static wp-block-uagb-image--align-left\"><figure class=\"wp-block-uagb-image__figure\"><img decoding=\"async\" srcset=\"https:\/\/coupdecoin.fr\/wp-content\/uploads\/2026\/01\/pcamion.jpg ,https:\/\/coupdecoin.fr\/wp-content\/uploads\/2026\/01\/pcamion.jpg 780w, https:\/\/coupdecoin.fr\/wp-content\/uploads\/2026\/01\/pcamion.jpg 360w\" sizes=\"auto, (max-width: 480px) 150px\" src=\"https:\/\/coupdecoin.fr\/wp-content\/uploads\/2026\/01\/pcamion.jpg\" alt=\"pcamion\" class=\"uag-image-2251\" width=\"550\" height=\"564\" title=\"pcamion\" loading=\"lazy\" role=\"img\"\/><\/figure><\/div>\n\n\n\n<div class=\"wp-block-uagb-image aligncenter uagb-block-eae71b2d wp-block-uagb-image--layout-default wp-block-uagb-image--effect-static wp-block-uagb-image--align-center uag-blocks-common-selector\" style=\"--z-index-desktop:1;;--z-index-tablet:undefined;;--z-index-mobile:undefined;\"><figure class=\"wp-block-uagb-image__figure\"><img decoding=\"async\" srcset=\"https:\/\/coupdecoin.fr\/wp-content\/uploads\/2026\/01\/AdobeStock_532680337.jpg ,https:\/\/coupdecoin.fr\/wp-content\/uploads\/2026\/01\/AdobeStock_532680337.jpg 780w, https:\/\/coupdecoin.fr\/wp-content\/uploads\/2026\/01\/AdobeStock_532680337.jpg 360w\" sizes=\"auto, (max-width: 480px) 150px\" src=\"https:\/\/coupdecoin.fr\/wp-content\/uploads\/2026\/01\/AdobeStock_532680337.jpg\" alt=\"adobestock 532680337\" class=\"uag-image-2248\" width=\"252\" height=\"252\" title=\"adobestock 532680337\" loading=\"lazy\" role=\"img\"\/><\/figure><\/div>\n<\/div>\n<\/div>\n\n\n\n<div class=\"wp-block-uagb-container uagb-block-6c611b76\">\n<div class=\"wp-block-uagb-container uagb-block-e43c2d95\">\n<div class=\"wp-block-uagb-image alignleft uagb-block-96a3740a wp-block-uagb-image--layout-default wp-block-uagb-image--effect-static wp-block-uagb-image--align-left\"><figure class=\"wp-block-uagb-image__figure\"><img decoding=\"async\" srcset=\"https:\/\/coupdecoin.fr\/wp-content\/uploads\/2026\/01\/604x409-demontage-meubles_0.webp ,https:\/\/coupdecoin.fr\/wp-content\/uploads\/2026\/01\/604x409-demontage-meubles_0.webp 780w, https:\/\/coupdecoin.fr\/wp-content\/uploads\/2026\/01\/604x409-demontage-meubles_0.webp 360w\" sizes=\"auto, (max-width: 480px) 150px\" src=\"https:\/\/coupdecoin.fr\/wp-content\/uploads\/2026\/01\/604x409-demontage-meubles_0.webp\" alt=\"604x409 demontage meubles 0\" class=\"uag-image-2247\" width=\"550\" height=\"564\" title=\"604x409 demontage meubles 0\" loading=\"lazy\" role=\"img\"\/><\/figure><\/div>\n\n\n\n<div class=\"wp-block-uagb-image aligncenter uagb-block-8eb3655f wp-block-uagb-image--layout-default wp-block-uagb-image--effect-static wp-block-uagb-image--align-center uag-blocks-common-selector\" style=\"--z-index-desktop:1;;--z-index-tablet:undefined;;--z-index-mobile:undefined;\"><figure class=\"wp-block-uagb-image__figure\"><img decoding=\"async\" srcset=\"https:\/\/coupdecoin.fr\/wp-content\/uploads\/2026\/01\/assemblage-meubles-1024x683.jpg ,https:\/\/coupdecoin.fr\/wp-content\/uploads\/2026\/01\/assemblage-meubles.jpg 780w, https:\/\/coupdecoin.fr\/wp-content\/uploads\/2026\/01\/assemblage-meubles.jpg 360w\" sizes=\"auto, (max-width: 480px) 150px\" src=\"https:\/\/coupdecoin.fr\/wp-content\/uploads\/2026\/01\/assemblage-meubles-1024x683.jpg\" alt=\"assemblage meubles\" class=\"uag-image-2246\" width=\"252\" height=\"252\" title=\"assemblage meubles\" loading=\"lazy\" role=\"img\"\/><\/figure><\/div>\n<\/div>\n\n\n\n<div class=\"wp-block-uagb-container uagb-block-de869aca\">\n<div class=\"wp-block-uagb-info-box uagb-block-173895a0 uagb-infobox__content-wrap  uagb-infobox-icon-above-title uagb-infobox-image-valign-top wp-block-uagb-info-box--has-margin\"><div class=\"uagb-infobox-margin-wrapper\"><div class=\"uagb-ifb-content\"><div class=\"uagb-ifb-title-wrap\"><span class=\"uagb-ifb-title-prefix\">03<\/span><h2 class=\"uagb-ifb-title\">R\u00e9installation Soign\u00e9e<\/h2><\/div><p class=\"uagb-ifb-desc\">Apr\u00e8s le transport, notre \u00e9quipe se charge de la r\u00e9installation de vos meubles. Nous vous garantissons une mise en place selon vos souhaits et m\u00eame des conseils de d\u00e9coration si n\u00e9cessaire.<\/p><\/div><\/div><\/div>\n<\/div>\n<\/div>\n\n\n\n<div class=\"wp-block-uagb-container uagb-block-65240cb9\">\n<div class=\"wp-block-uagb-container uagb-block-ca86322d\">\n<div class=\"wp-block-uagb-info-box uagb-block-360c83f5 uagb-infobox__content-wrap  uagb-infobox-icon-above-title uagb-infobox-image-valign-top wp-block-uagb-info-box--has-margin\"><div class=\"uagb-infobox-margin-wrapper\"><div class=\"uagb-ifb-content\"><div class=\"uagb-ifb-title-wrap\"><span class=\"uagb-ifb-title-prefix\">04<\/span><h2 class=\"uagb-ifb-title\">Devis Instantan\u00e9<\/h2><\/div><p class=\"uagb-ifb-desc\">Remplissez notre formulaire en ligne avec le lien de l&rsquo;annonce et obtenez un devis pr\u00e9cis en moins d&rsquo;une minute, directement par email ou WhatsApp.<\/p><\/div><\/div><\/div>\n<\/div>\n\n\n\n<div class=\"wp-block-uagb-container uagb-block-a42989c3\">\n<div class=\"wp-block-uagb-image alignleft uagb-block-2a6bfcea wp-block-uagb-image--layout-default wp-block-uagb-image--effect-static wp-block-uagb-image--align-left\"><figure class=\"wp-block-uagb-image__figure\"><img decoding=\"async\" srcset=\"https:\/\/coupdecoin.fr\/wp-content\/uploads\/2026\/01\/ChatGPT-Image-21-janv.-2026-09_23_42-1024x683.png ,https:\/\/coupdecoin.fr\/wp-content\/uploads\/2026\/01\/ChatGPT-Image-21-janv.-2026-09_23_42.png 780w, https:\/\/coupdecoin.fr\/wp-content\/uploads\/2026\/01\/ChatGPT-Image-21-janv.-2026-09_23_42.png 360w\" sizes=\"auto, (max-width: 480px) 150px\" src=\"https:\/\/coupdecoin.fr\/wp-content\/uploads\/2026\/01\/ChatGPT-Image-21-janv.-2026-09_23_42-1024x683.png\" alt=\"chatgpt image 21 janv. 2026, 09 23 42\" class=\"uag-image-2255\" width=\"550\" height=\"564\" title=\"chatgpt image 21 janv. 2026, 09 23 42\" loading=\"lazy\" role=\"img\"\/><\/figure><\/div>\n<\/div>\n<\/div>\n<\/div><\/div>\n\n\n\n<div class=\"wp-block-uagb-container uagb-block-01233b1d alignfull uagb-is-root-container\"><div class=\"uagb-container-inner-blocks-wrap\">\n<div class=\"wp-block-uagb-info-box uagb-block-d6296cb9 uagb-infobox__content-wrap  uagb-infobox-icon-above-title uagb-infobox-image-valign-top\"><div class=\"uagb-ifb-content\"><div class=\"uagb-ifb-title-wrap\"><span class=\"uagb-ifb-title-prefix\">Ne perdez plus de temps,<\/span><h2 class=\"uagb-ifb-title\">Demandez votre devis gratuit d\u00e8s maintenant et profitez de notre service !<\/h2><\/div><\/div><\/div>\n\n\n\n<div class=\"wp-block-uagb-buttons uagb-buttons__outer-wrap uagb-btn__default-btn uagb-btn-tablet__default-btn uagb-btn-mobile__default-btn uagb-block-0e23ee78\"><div class=\"uagb-buttons__wrap uagb-buttons-layout-wrap \">\n<div class=\"wp-block-uagb-buttons-child uagb-buttons__outer-wrap uagb-block-6cb20356 wp-block-button\"><div class=\"uagb-button__wrapper\"><a class=\"uagb-buttons-repeater wp-block-button__link\" aria-label=\"\" href=\"\/contact\/\" rel=\"follow noopener\" target=\"_self\" role=\"button\"><div class=\"uagb-button__link\">Demandez un devis<\/div><\/a><\/div><\/div>\n<\/div><\/div>\n<\/div><\/div>\n","protected":false},"excerpt":{"rendered":"","protected":false},"author":1,"featured_media":0,"parent":0,"menu_order":0,"comment_status":"closed","ping_status":"closed","template":"","meta":{"_uag_custom_page_level_css":"","site-sidebar-layout":"no-sidebar","site-content-layout":"","ast-site-content-layout":"normal-width-container","site-content-style":"default","site-sidebar-style":"default","ast-global-header-display":"","ast-banner-title-visibility":"","ast-main-header-display":"","ast-hfb-above-header-display":"","ast-hfb-below-header-display":"","ast-hfb-mobile-header-display":"","site-post-title":"disabled","ast-breadcrumbs-content":"","ast-featured-img":"","footer-sml-layout":"","ast-disable-related-posts":"","theme-transparent-header-meta":"enabled","adv-header-id-meta":"","stick-header-meta":"","header-above-stick-meta":"","header-main-stick-meta":"","header-below-stick-meta":"","astra-migrate-meta-layouts":"default","ast-page-background-enabled":"default","ast-page-background-meta":{"desktop":{"background-color":"var(--ast-global-color-4)","background-image":"","background-repeat":"repeat","background-position":"center center","background-size":"auto","background-attachment":"scroll","background-type":"","background-media":"","overlay-type":"","overlay-color":"","overlay-opacity":"","overlay-gradient":""},"tablet":{"background-color":"","background-image":"","background-repeat":"repeat","background-position":"center center","background-size":"auto","background-attachment":"scroll","background-type":"","background-media":"","overlay-type":"","overlay-color":"","overlay-opacity":"","overlay-gradient":""},"mobile":{"background-color":"","background-image":"","background-repeat":"repeat","background-position":"center center","background-size":"auto","background-attachment":"scroll","background-type":"","background-media":"","overlay-type":"","overlay-color":"","overlay-opacity":"","overlay-gradient":""}},"ast-content-background-meta":{"desktop":{"background-color":"var(--ast-global-color-5)","background-image":"","background-repeat":"repeat","background-position":"center center","background-size":"auto","background-attachment":"scroll","background-type":"","background-media":"","overlay-type":"","overlay-color":"","overlay-opacity":"","overlay-gradient":""},"tablet":{"background-color":"var(--ast-global-color-5)","background-image":"","background-repeat":"repeat","background-position":"center center","background-size":"auto","background-attachment":"scroll","background-type":"","background-media":"","overlay-type":"","overlay-color":"","overlay-opacity":"","overlay-gradient":""},"mobile":{"background-color":"var(--ast-global-color-5)","background-image":"","background-repeat":"repeat","background-position":"center center","background-size":"auto","background-attachment":"scroll","background-type":"","background-media":"","overlay-type":"","overlay-color":"","overlay-opacity":"","overlay-gradient":""}},"footnotes":""},"class_list":["post-2183","page","type-page","status-publish","hentry"],"uagb_featured_image_src":{"full":false,"thumbnail":false,"medium":false,"medium_large":false,"large":false,"1536x1536":false,"2048x2048":false},"uagb_author_info":{"display_name":"talel94@gmail.com","author_link":"https:\/\/coupdecoin.fr\/?author=1"},"uagb_comment_info":0,"uagb_excerpt":null,"_links":{"self":[{"href":"https:\/\/coupdecoin.fr\/index.php?rest_route=\/wp\/v2\/pages\/2183","targetHints":{"allow":["GET"]}}],"collection":[{"href":"https:\/\/coupdecoin.fr\/index.php?rest_route=\/wp\/v2\/pages"}],"about":[{"href":"https:\/\/coupdecoin.fr\/index.php?rest_route=\/wp\/v2\/types\/page"}],"author":[{"embeddable":true,"href":"https:\/\/coupdecoin.fr\/index.php?rest_route=\/wp\/v2\/users\/1"}],"replies":[{"embeddable":true,"href":"https:\/\/coupdecoin.fr\/index.php?rest_route=%2Fwp%2Fv2%2Fcomments&post=2183"}],"version-history":[{"count":6,"href":"https:\/\/coupdecoin.fr\/index.php?rest_route=\/wp\/v2\/pages\/2183\/revisions"}],"predecessor-version":[{"id":2313,"href":"https:\/\/coupdecoin.fr\/index.php?rest_route=\/wp\/v2\/pages\/2183\/revisions\/2313"}],"wp:attachment":[{"href":"https:\/\/coupdecoin.fr\/index.php?rest_route=%2Fwp%2Fv2%2Fmedia&parent=2183"}],"curies":[{"name":"wp","href":"https:\/\/api.w.org\/{rel}","templated":true}]}}