{"id":2181,"date":"2026-01-13T21:49:34","date_gmt":"2026-01-13T21:49:34","guid":{"rendered":"https:\/\/coupdecoin.fr\/home-2\/"},"modified":"2026-02-17T12:56:24","modified_gmt":"2026-02-17T12:56:24","slug":"home-2","status":"publish","type":"page","link":"https:\/\/coupdecoin.fr\/","title":{"rendered":"Home"},"content":{"rendered":"\n<div class=\"wp-block-uagb-container uagb-block-477a0fc4 alignfull uagb-is-root-container\"><div class=\"uagb-container-inner-blocks-wrap\">\n<div class=\"wp-block-uagb-info-box uagb-block-57834711 uagb-infobox__content-wrap  uagb-infobox-icon-above-title uagb-infobox-image-valign-top wp-block-uagb-info-box--has-margin\"><div class=\"uagb-infobox-margin-wrapper\"><div class=\"uagb-ifb-content\"><div class=\"uagb-ifb-title-wrap\"><span class=\"uagb-ifb-title-prefix\">Votre mobilier,<\/span><h1 class=\"uagb-ifb-title\">D\u00e9montage, transport et r\u00e9installation sans tracas<\/h1><\/div><p class=\"uagb-ifb-desc\">\u00c0 votre service pour simplifier l&rsquo;achat de meubles et d&rsquo;\u00e9lectrom\u00e9nager sur leboncoin en assurant le transport et le montage.<\/p><\/div><\/div><\/div>\n\n\n\n<div class=\"wp-block-uagb-buttons uagb-buttons__outer-wrap uagb-btn__default-btn uagb-btn-tablet__default-btn uagb-btn-mobile__default-btn uagb-block-c40663f0\"><div class=\"uagb-buttons__wrap uagb-buttons-layout-wrap \">\n<div class=\"wp-block-uagb-buttons-child uagb-buttons__outer-wrap uagb-block-b6b411e7 wp-block-button\"><div class=\"uagb-button__wrapper\"><a class=\"uagb-buttons-repeater wp-block-button__link\" aria-label=\"\" href=\"\/?page_id=2184\" rel=\"follow noopener\" target=\"_self\" role=\"button\"><div class=\"uagb-button__link\">Demandez un devis<\/div><\/a><\/div><\/div>\n<\/div><\/div>\n<\/div><\/div>\n\n\n\n<div class=\"wp-block-uagb-container uagb-block-a3b9b3f0 alignfull uagb-is-root-container\"><div class=\"uagb-container-inner-blocks-wrap\">\n<div class=\"wp-block-uagb-container uagb-block-18c4d01f alignfull uagb-is-root-container\"><div class=\"uagb-container-inner-blocks-wrap\">\n<div class=\"wp-block-uagb-container uagb-block-028a4bc4\">\n<div class=\"wp-block-uagb-container uagb-block-165f71e8\">\n<div class=\"wp-block-uagb-advanced-heading uagb-block-e9dfed3d\"><h2 class=\"uagb-heading-text\"><kbd><em>\u2605<\/em><\/kbd><\/h2><\/div>\n<\/div>\n\n\n\n<div class=\"wp-block-uagb-container uagb-block-fb2eef69\">\n<div class=\"wp-block-uagb-info-box uagb-block-5ebc1c2f uagb-infobox__content-wrap  uagb-infobox-icon-above-title uagb-infobox-image-valign-top\"><div class=\"uagb-ifb-content\"><div class=\"uagb-ifb-title-wrap\"><h3 class=\"uagb-ifb-title\">D\u00e9montage Professionnel<\/h3><\/div><p class=\"uagb-ifb-desc\">Un d\u00e9montage rapide et efficace de vos meubles.<\/p><div class=\"uagb-ifb-button-wrapper wp-block-button\"><a href=\"services\/\" class=\"uagb-infobox-cta-link wp-block-button__link\" target=\"_self\" rel=\"noopener noreferrer\" onclick=\"return true;\"><span class=\"uagb-inline-editing\">EN SAVOIR PLUS<\/span><\/a><\/div><\/div><\/div>\n<\/div>\n<\/div>\n\n\n\n<div class=\"wp-block-uagb-container uagb-block-3f241b81\">\n<div class=\"wp-block-uagb-container uagb-block-77d2d83a\">\n<div class=\"wp-block-uagb-advanced-heading uagb-block-2a9eba4c\"><h2 class=\"uagb-heading-text\"><kbd><em>\u2605<\/em><\/kbd><\/h2><\/div>\n<\/div>\n\n\n\n<div class=\"wp-block-uagb-container uagb-block-a19bcbce\">\n<div class=\"wp-block-uagb-info-box uagb-block-01fa7b66 uagb-infobox__content-wrap  uagb-infobox-icon-above-title uagb-infobox-image-valign-top\"><div class=\"uagb-ifb-content\"><div class=\"uagb-ifb-title-wrap\"><h3 class=\"uagb-ifb-title\">Transport Fiable<\/h3><\/div><p class=\"uagb-ifb-desc\">Service de transport s\u00e9curis\u00e9 pour vos biens.<\/p><div class=\"uagb-ifb-button-wrapper wp-block-button\"><a href=\"services\/\" class=\"uagb-infobox-cta-link wp-block-button__link\" target=\"_self\" rel=\"noopener noreferrer\" onclick=\"return true;\"><span class=\"uagb-inline-editing\">EN SAVOIR PLUS<\/span><\/a><\/div><\/div><\/div>\n<\/div>\n<\/div>\n<\/div><\/div>\n\n\n\n<div class=\"wp-block-uagb-container uagb-block-0beec613 alignfull uagb-is-root-container\"><div class=\"uagb-container-inner-blocks-wrap\">\n<div class=\"wp-block-uagb-container uagb-block-b28a6744\">\n<div class=\"wp-block-uagb-container uagb-block-b8c4f0db\">\n<div class=\"wp-block-uagb-advanced-heading uagb-block-1c4bacb0\"><h2 class=\"uagb-heading-text\"><kbd><em>\u2605<\/em><\/kbd><\/h2><\/div>\n<\/div>\n\n\n\n<div class=\"wp-block-uagb-container uagb-block-d5c48d5a\">\n<div class=\"wp-block-uagb-info-box uagb-block-3ae5427d uagb-infobox__content-wrap  uagb-infobox-icon-above-title uagb-infobox-image-valign-top\"><div class=\"uagb-ifb-content\"><div class=\"uagb-ifb-title-wrap\"><h3 class=\"uagb-ifb-title\">R\u00e9installation Soign\u00e9e<\/h3><\/div><p class=\"uagb-ifb-desc\">Assistance \u00e0 la r\u00e9installation dans votre domicile.<\/p><div class=\"uagb-ifb-button-wrapper wp-block-button\"><a href=\"services\/\" class=\"uagb-infobox-cta-link wp-block-button__link\" target=\"_self\" rel=\"noopener noreferrer\" onclick=\"return true;\"><span class=\"uagb-inline-editing\">EN SAVOIR PLUS<\/span><\/a><\/div><\/div><\/div>\n<\/div>\n<\/div>\n\n\n\n<div class=\"wp-block-uagb-container uagb-block-cd8dec2b\">\n<div class=\"wp-block-uagb-container uagb-block-00afc0e2\">\n<div class=\"wp-block-uagb-advanced-heading uagb-block-bd31a997\"><h2 class=\"uagb-heading-text\"><kbd><em>\u2605<\/em><\/kbd><\/h2><\/div>\n<\/div>\n\n\n\n<div class=\"wp-block-uagb-container uagb-block-4741967d\">\n<div class=\"wp-block-uagb-info-box uagb-block-0af607bb uagb-infobox__content-wrap  uagb-infobox-icon-above-title uagb-infobox-image-valign-top\"><div class=\"uagb-ifb-content\"><div class=\"uagb-ifb-title-wrap\"><h3 class=\"uagb-ifb-title\">Devis Instantan\u00e9<\/h3><\/div><p class=\"uagb-ifb-desc\">Obtenez un devis gratuit en quelques secondes.<\/p><div class=\"uagb-ifb-button-wrapper wp-block-button\"><a href=\"services\/\" class=\"uagb-infobox-cta-link wp-block-button__link\" target=\"_self\" rel=\"noopener noreferrer\" onclick=\"return true;\"><span class=\"uagb-inline-editing\">EN SAVOIR PLUS<\/span><\/a><\/div><\/div><\/div>\n<\/div>\n<\/div>\n<\/div><\/div>\n<\/div><\/div>\n\n\n\n<div class=\"wp-block-uagb-container uagb-block-b3f37bc6 alignfull uagb-is-root-container\"><div class=\"uagb-container-inner-blocks-wrap\">\n<div class=\"wp-block-uagb-advanced-heading uagb-block-718b66ce\"><div class=\"uagb-separator\"><\/div><h2 class=\"uagb-heading-text\">D\u00e9couvrez l&rsquo;histoire de coupdecoin<\/h2><\/div>\n\n\n\n<div class=\"wp-block-uagb-container uagb-block-47d37494\">\n<div class=\"wp-block-uagb-container uagb-block-0f8ffb48\">\n<div class=\"wp-block-uagb-info-box uagb-block-2820b85d uagb-infobox__content-wrap  uagb-infobox-icon-above-title uagb-infobox-image-valign-top\"><div class=\"uagb-ifb-content\"><div class=\"uagb-ifb-title-wrap\"><span class=\"uagb-ifb-title-prefix\">\u00c0 propos de nous<\/span><h3 class=\"uagb-ifb-title\">Votre partenaire pour un achat facilit\u00e9<\/h3><\/div><p class=\"uagb-ifb-desc\">Chez Coupdecoin, nous connectons les acheteurs de meubles ou \u00e9lectrom\u00e9nager  \u00e0 des services de transport et d&rsquo;installation professionnels. Plus besoin de g\u00e9rer la logistique, nous sommes la pour vous apporter la bonne affaire. <\/p><div class=\"uagb-ifb-button-wrapper wp-block-button\"><a href=\"about\/\" class=\"uagb-infobox-cta-link wp-block-button__link\" target=\"_self\" rel=\"noopener noreferrer\" onclick=\"return true;\"><span class=\"uagb-inline-editing\">EN SAVOIR PLUS<\/span><\/a><\/div><\/div><\/div>\n<\/div>\n\n\n\n<div class=\"wp-block-uagb-container uagb-block-4ad04907\">\n<div class=\"wp-block-uagb-image alignleft uagb-block-1cd7c803 wp-block-uagb-image--layout-default wp-block-uagb-image--effect-static wp-block-uagb-image--align-left\"><figure class=\"wp-block-uagb-image__figure\"><img decoding=\"async\" srcset=\"https:\/\/coupdecoin.fr\/wp-content\/uploads\/2026\/01\/Montage-de-meuble-1024x678.jpeg ,https:\/\/coupdecoin.fr\/wp-content\/uploads\/2026\/01\/Montage-de-meuble.jpeg 780w, https:\/\/coupdecoin.fr\/wp-content\/uploads\/2026\/01\/Montage-de-meuble.jpeg 360w\" sizes=\"auto, (max-width: 480px) 150px\" src=\"https:\/\/coupdecoin.fr\/wp-content\/uploads\/2026\/01\/Montage-de-meuble-1024x678.jpeg\" alt=\"assembling of furniture closeup\" class=\"uag-image-2249\" width=\"302\" height=\"431\" title=\"assembling of furniture closeup\" loading=\"lazy\" role=\"img\"\/><\/figure><\/div>\n\n\n\n<div class=\"wp-block-uagb-image alignleft uagb-block-4573c1e2 wp-block-uagb-image--layout-default wp-block-uagb-image--effect-static wp-block-uagb-image--align-left\"><figure class=\"wp-block-uagb-image__figure\"><img decoding=\"async\" srcset=\"https:\/\/coupdecoin.fr\/wp-content\/uploads\/2026\/01\/604x409-demontage-meubles_0.webp ,https:\/\/coupdecoin.fr\/wp-content\/uploads\/2026\/01\/604x409-demontage-meubles_0.webp 780w, https:\/\/coupdecoin.fr\/wp-content\/uploads\/2026\/01\/604x409-demontage-meubles_0.webp 360w\" sizes=\"auto, (max-width: 480px) 150px\" src=\"https:\/\/coupdecoin.fr\/wp-content\/uploads\/2026\/01\/604x409-demontage-meubles_0.webp\" alt=\"604x409 demontage meubles 0\" class=\"uag-image-2247\" width=\"228\" height=\"332\" title=\"604x409 demontage meubles 0\" loading=\"lazy\" role=\"img\"\/><\/figure><\/div>\n<\/div>\n<\/div>\n<\/div><\/div>\n\n\n\n<div class=\"wp-block-uagb-container uagb-block-258278ba alignfull uagb-is-root-container\"><div class=\"uagb-container-inner-blocks-wrap\">\n<div class=\"wp-block-uagb-container uagb-block-03c33b36 alignfull uagb-is-root-container\"><div class=\"uagb-container-inner-blocks-wrap\">\n<div class=\"wp-block-uagb-container uagb-block-1a29e84d\">\n<div class=\"wp-block-uagb-info-box uagb-block-c9870568 uagb-infobox__content-wrap  uagb-infobox-icon-above-title uagb-infobox-image-valign-top\"><div class=\"uagb-ifb-content\"><div class=\"uagb-ifb-title-wrap\"><span class=\"uagb-ifb-title-prefix\">Obtenez votre devis<\/span><h3 class=\"uagb-ifb-title\">Remplissez notre formulaire en ligne et recevez votre devis instantan\u00e9 par email.<\/h3><\/div><\/div><\/div>\n\n\n\n<div class=\"wp-block-uagb-buttons uagb-buttons__outer-wrap uagb-btn__default-btn uagb-btn-tablet__default-btn uagb-btn-mobile__default-btn uagb-block-02a55f95\"><div class=\"uagb-buttons__wrap uagb-buttons-layout-wrap \">\n<div class=\"wp-block-uagb-buttons-child uagb-buttons__outer-wrap uagb-block-2308c833 wp-block-button\"><div class=\"uagb-button__wrapper\"><a class=\"uagb-buttons-repeater ast-outline-button\" aria-label=\"\" style=\"border-width:revert-layer\" href=\"contact\/\" rel=\"follow noopener\" target=\"_self\" role=\"button\"><div class=\"uagb-button__link\">Demandez un devis<\/div><\/a><\/div><\/div>\n<\/div><\/div>\n<\/div>\n<\/div><\/div>\n<\/div><\/div>\n\n\n\n<div class=\"wp-block-uagb-container uagb-block-2124acfe alignfull uagb-is-root-container\"><div class=\"uagb-container-inner-blocks-wrap\">\n<div class=\"wp-block-uagb-container uagb-block-9dce9a7e\">\n<div class=\"wp-block-uagb-info-box uagb-block-5fd45856 uagb-infobox__content-wrap  uagb-infobox-icon-above-title uagb-infobox-image-valign-top wp-block-uagb-info-box--has-margin\"><div class=\"uagb-infobox-margin-wrapper\"><div class=\"uagb-ifb-content\"><div class=\"uagb-ifb-title-wrap\"><span class=\"uagb-ifb-title-prefix\">Pourquoi nous choisir ?<\/span><h3 class=\"uagb-ifb-title\">Services rapides et pratiques<\/h3><\/div><\/div><\/div><\/div>\n\n\n\n<div class=\"wp-block-uagb-advanced-heading uagb-block-fd4f4bb7\"><h4 class=\"uagb-heading-text\">Nous offrons un service instantan\u00e9, gratuit et respectueux de l&rsquo;environnement pour vos achats de mobilier.<\/h4><\/div>\n\n\n\n<div class=\"wp-block-uagb-icon-list uagb-block-5ae92a72\"><div class=\"uagb-icon-list__wrap\">\n<div class=\"wp-block-uagb-icon-list-child uagb-block-ae8a85a2\"><span class=\"uagb-icon-list__source-wrap\"><svg xmlns=\"https:\/\/www.w3.org\/2000\/svg\" viewBox=\"0 0 320 512\"><path d=\"M96 480c-8.188 0-16.38-3.125-22.62-9.375c-12.5-12.5-12.5-32.75 0-45.25L242.8 256L73.38 86.63c-12.5-12.5-12.5-32.75 0-45.25s32.75-12.5 45.25 0l192 192c12.5 12.5 12.5 32.75 0 45.25l-192 192C112.4 476.9 104.2 480 96 480z\"><\/path><\/svg><\/span><span class=\"uagb-icon-list__label\">Service de d\u00e9montage professionnel<\/span><\/div>\n\n\n\n<div class=\"wp-block-uagb-icon-list-child uagb-block-8117efda\"><span class=\"uagb-icon-list__source-wrap\"><svg xmlns=\"https:\/\/www.w3.org\/2000\/svg\" viewBox=\"0 0 320 512\"><path d=\"M96 480c-8.188 0-16.38-3.125-22.62-9.375c-12.5-12.5-12.5-32.75 0-45.25L242.8 256L73.38 86.63c-12.5-12.5-12.5-32.75 0-45.25s32.75-12.5 45.25 0l192 192c12.5 12.5 12.5 32.75 0 45.25l-192 192C112.4 476.9 104.2 480 96 480z\"><\/path><\/svg><\/span><span class=\"uagb-icon-list__label\">Livraison rapide et s\u00e9curis\u00e9e<\/span><\/div>\n\n\n\n<div class=\"wp-block-uagb-icon-list-child uagb-block-45d49624\"><span class=\"uagb-icon-list__source-wrap\"><svg xmlns=\"https:\/\/www.w3.org\/2000\/svg\" viewBox=\"0 0 320 512\"><path d=\"M96 480c-8.188 0-16.38-3.125-22.62-9.375c-12.5-12.5-12.5-32.75 0-45.25L242.8 256L73.38 86.63c-12.5-12.5-12.5-32.75 0-45.25s32.75-12.5 45.25 0l192 192c12.5 12.5 12.5 32.75 0 45.25l-192 192C112.4 476.9 104.2 480 96 480z\"><\/path><\/svg><\/span><span class=\"uagb-icon-list__label\">Devis instantan\u00e9 par email<\/span><\/div>\n<\/div><\/div>\n<\/div>\n\n\n\n<div class=\"wp-block-uagb-container uagb-block-5ec21076\">\n<div class=\"wp-block-uagb-container uagb-block-8c32ad9f\">\n<div class=\"wp-block-uagb-image aligncenter uagb-block-d0d08f49 wp-block-uagb-image--layout-default wp-block-uagb-image--effect-static wp-block-uagb-image--align-center\"><figure class=\"wp-block-uagb-image__figure\"><img decoding=\"async\" srcset=\"https:\/\/coupdecoin.fr\/wp-content\/uploads\/2026\/01\/depositphotos_312966442-stock-photo-two-young-male-movers-wrapping.webp ,https:\/\/coupdecoin.fr\/wp-content\/uploads\/2026\/01\/depositphotos_312966442-stock-photo-two-young-male-movers-wrapping.webp 780w, https:\/\/coupdecoin.fr\/wp-content\/uploads\/2026\/01\/depositphotos_312966442-stock-photo-two-young-male-movers-wrapping.webp 360w\" sizes=\"auto, (max-width: 480px) 150px\" src=\"https:\/\/coupdecoin.fr\/wp-content\/uploads\/2026\/01\/depositphotos_312966442-stock-photo-two-young-male-movers-wrapping.webp\" alt=\"depositphotos 312966442 stock photo two young male movers wrapping\" class=\"uag-image-2250\" width=\"253\" height=\"256\" title=\"depositphotos 312966442 stock photo two young male movers wrapping\" loading=\"lazy\" role=\"img\"\/><\/figure><\/div>\n\n\n\n<div class=\"wp-block-uagb-advanced-heading uagb-block-b1633a99\"><p class=\"uagb-desc-text\">D\u00e9montage et installation rapide<\/p><\/div>\n<\/div>\n\n\n\n<div class=\"wp-block-uagb-container uagb-block-bae73cbe\">\n<div class=\"wp-block-uagb-image aligncenter uagb-block-56f0ac27 wp-block-uagb-image--layout-default wp-block-uagb-image--effect-static wp-block-uagb-image--align-center\"><figure class=\"wp-block-uagb-image__figure\"><img decoding=\"async\" srcset=\"https:\/\/coupdecoin.fr\/wp-content\/uploads\/2026\/01\/ChatGPT-Image-21-janv.-2026-09_23_42-1024x683.png ,https:\/\/coupdecoin.fr\/wp-content\/uploads\/2026\/01\/ChatGPT-Image-21-janv.-2026-09_23_42-e1768983910625.png 780w, https:\/\/coupdecoin.fr\/wp-content\/uploads\/2026\/01\/ChatGPT-Image-21-janv.-2026-09_23_42-e1768983910625.png 360w\" sizes=\"auto, (max-width: 480px) 150px\" src=\"https:\/\/coupdecoin.fr\/wp-content\/uploads\/2026\/01\/ChatGPT-Image-21-janv.-2026-09_23_42-1024x683.png\" alt=\"chatgpt image 21 janv. 2026, 09 23 42\" class=\"uag-image-2255\" width=\"253\" height=\"256\" title=\"chatgpt image 21 janv. 2026, 09 23 42\" loading=\"lazy\" role=\"img\"\/><\/figure><\/div>\n\n\n\n<div class=\"wp-block-uagb-advanced-heading uagb-block-dc14e412\"><p class=\"uagb-desc-text\">Devis gratuit et instantan\u00e9<\/p><\/div>\n<\/div>\n\n\n\n<div class=\"wp-block-uagb-container uagb-block-b1cd842c\">\n<div class=\"wp-block-uagb-image uagb-block-8a150949 wp-block-uagb-image--layout-default wp-block-uagb-image--effect-static wp-block-uagb-image--align-none\"><figure class=\"wp-block-uagb-image__figure\"><img decoding=\"async\" srcset=\"https:\/\/coupdecoin.fr\/wp-content\/uploads\/2026\/01\/AdobeStock_532680337.jpg ,https:\/\/coupdecoin.fr\/wp-content\/uploads\/2026\/01\/AdobeStock_532680337.jpg 780w, https:\/\/coupdecoin.fr\/wp-content\/uploads\/2026\/01\/AdobeStock_532680337.jpg 360w\" sizes=\"auto, (max-width: 480px) 150px\" src=\"https:\/\/coupdecoin.fr\/wp-content\/uploads\/2026\/01\/AdobeStock_532680337.jpg\" alt=\"adobestock 532680337\" class=\"uag-image-2248\" width=\"253\" height=\"256\" title=\"adobestock 532680337\" loading=\"lazy\" role=\"img\"\/><\/figure><\/div>\n\n\n\n<div class=\"wp-block-uagb-advanced-heading uagb-block-5a24e363\"><p class=\"uagb-desc-text\">Transport express<\/p><\/div>\n<\/div>\n\n\n\n<div class=\"wp-block-uagb-container uagb-block-986ec342\">\n<div class=\"wp-block-uagb-image uagb-block-24f5cfd0 wp-block-uagb-image--layout-default wp-block-uagb-image--effect-static wp-block-uagb-image--align-none\"><figure class=\"wp-block-uagb-image__figure\"><img decoding=\"async\" srcset=\"https:\/\/coupdecoin.fr\/wp-content\/uploads\/2026\/01\/ChatGPT-Image-21-janv.-2026-09_21_00-1024x683.png ,https:\/\/coupdecoin.fr\/wp-content\/uploads\/2026\/01\/ChatGPT-Image-21-janv.-2026-09_21_00.png 780w, https:\/\/coupdecoin.fr\/wp-content\/uploads\/2026\/01\/ChatGPT-Image-21-janv.-2026-09_21_00.png 360w\" sizes=\"auto, (max-width: 480px) 150px\" src=\"https:\/\/coupdecoin.fr\/wp-content\/uploads\/2026\/01\/ChatGPT-Image-21-janv.-2026-09_21_00-1024x683.png\" alt=\"chatgpt image 21 janv. 2026, 09 21 00\" class=\"uag-image-2254\" width=\"253\" height=\"256\" title=\"chatgpt image 21 janv. 2026, 09 21 00\" loading=\"lazy\" role=\"img\"\/><\/figure><\/div>\n\n\n\n<div class=\"wp-block-uagb-advanced-heading uagb-block-e50e4974\"><p class=\"uagb-desc-text\">Engagement \u00e9co-responsable<\/p><\/div>\n<\/div>\n<\/div>\n<\/div><\/div>\n\n\n\n<div class=\"wp-block-uagb-container uagb-block-594ea4a3 alignfull uagb-is-root-container\"><div class=\"uagb-container-inner-blocks-wrap\">\n<div class=\"wp-block-uagb-info-box uagb-block-a004c0c4 uagb-infobox__content-wrap  uagb-infobox-icon-above-title uagb-infobox-image-valign-top wp-block-uagb-info-box--has-margin\"><div class=\"uagb-infobox-margin-wrapper\"><div class=\"uagb-ifb-content\"><div class=\"uagb-ifb-title-wrap\"><span class=\"uagb-ifb-title-prefix\">Ce que nos clients disent<\/span><h2 class=\"uagb-ifb-title\">T\u00e9moignages de nos utilisateurs satisfaits<\/h2><\/div><\/div><\/div><\/div>\n\n\n\n<div class=\"wp-block-uagb-container uagb-block-97a980c6\">\n<div class=\"wp-block-uagb-container uagb-block-cc39b277\">\n<div class=\"wp-block-uagb-star-rating uagb-block-c7eda90e\"><div class=\"uag-star-rating\" title=\"5\/5\"><span class=\"uag-star\">\u2605<\/span><span class=\"uag-star\">\u2605<\/span><span class=\"uag-star\">\u2605<\/span><span class=\"uag-star\">\u2605<\/span><span class=\"uag-star\">\u2605<\/span><\/div><\/div>\n\n\n\n<div class=\"wp-block-uagb-testimonial uagb-slick-carousel uagb-tm__arrow-outside uagb-block-5009f5b9 uagb-post__carousel_notset uagb-post__carousel_notset-tablet uagb-post__carousel_notset-mobile\"><div class=\"is-carousel uagb-tm__columns-1 uagb-tm__items\"><div class=\"uagb-testimonial__wrap  uagb-tm__imgicon-style-circle uagb-tm__image-position-bottom uagb-tm__bg-type-none \"><div class=\"uagb-tm__content\"><div class=\"uagb-tm__overlay\"><\/div><div class=\"uagb-tm__text-wrap\"><div class=\"uagb-tm__desc\">Le service \u00e9tait incroyable ! Mon meuble a \u00e9t\u00e9 transport\u00e9 et mont\u00e9 en un rien de temps. Je recommande vivement coupdecoin !<\/div><div class=\"uagb-tm__meta-inner\"><div class=\"uagb-testimonial-details\"><span class=\"uagb-tm__author-name\">Lucas Martin<\/span><span class=\"uagb-tm__company\"><\/span><\/div><\/div><\/div><\/div><\/div><\/div><\/div>\n<\/div>\n\n\n\n<div class=\"wp-block-uagb-container uagb-block-803378fe\">\n<div class=\"wp-block-uagb-star-rating uagb-block-7789cf8c\"><div class=\"uag-star-rating\" title=\"5\/5\"><span class=\"uag-star\">\u2605<\/span><span class=\"uag-star\">\u2605<\/span><span class=\"uag-star\">\u2605<\/span><span class=\"uag-star\">\u2605<\/span><span class=\"uag-star\">\u2605<\/span><\/div><\/div>\n\n\n\n<div class=\"wp-block-uagb-testimonial uagb-slick-carousel uagb-tm__arrow-outside uagb-block-35cd3aef uagb-post__carousel_notset uagb-post__carousel_notset-tablet uagb-post__carousel_notset-mobile\"><div class=\"is-carousel uagb-tm__columns-1 uagb-tm__items\"><div class=\"uagb-testimonial__wrap  uagb-tm__imgicon-style-circle uagb-tm__image-position-bottom uagb-tm__bg-type-none \"><div class=\"uagb-tm__content\"><div class=\"uagb-tm__overlay\"><\/div><div class=\"uagb-tm__text-wrap\"><div class=\"uagb-tm__desc\">Un service rapide et efficace. J&rsquo;ai re\u00e7u mon devis en moins d&rsquo;une minute et le transport s&rsquo;est bien d\u00e9roul\u00e9.<\/div><div class=\"uagb-tm__meta-inner\"><div class=\"uagb-testimonial-details\"><span class=\"uagb-tm__author-name\">Sophie Dupont<\/span><span class=\"uagb-tm__company\"><\/span><\/div><\/div><\/div><\/div><\/div><\/div><\/div>\n<\/div>\n\n\n\n<div class=\"wp-block-uagb-container uagb-block-af1aa8c6\">\n<div class=\"wp-block-uagb-star-rating uagb-block-302899a7\"><div class=\"uag-star-rating\" title=\"5\/5\"><span class=\"uag-star\">\u2605<\/span><span class=\"uag-star\">\u2605<\/span><span class=\"uag-star\">\u2605<\/span><span class=\"uag-star\">\u2605<\/span><span class=\"uag-star\">\u2605<\/span><\/div><\/div>\n\n\n\n<div class=\"wp-block-uagb-testimonial uagb-slick-carousel uagb-tm__arrow-outside uagb-block-0b29d2f6 uagb-post__carousel_notset uagb-post__carousel_notset-tablet uagb-post__carousel_notset-mobile\"><div class=\"is-carousel uagb-tm__columns-1 uagb-tm__items\"><div class=\"uagb-testimonial__wrap  uagb-tm__imgicon-style-circle uagb-tm__image-position-bottom uagb-tm__bg-type-none \"><div class=\"uagb-tm__content\"><div class=\"uagb-tm__overlay\"><\/div><div class=\"uagb-tm__text-wrap\"><div class=\"uagb-tm__desc\">Super exp\u00e9rience, tr\u00e8s professionnel ! Je ferai appel \u00e0 eux \u00e0 l&rsquo;avenir pour mes prochains achats.<\/div><div class=\"uagb-tm__meta-inner\"><div class=\"uagb-testimonial-details\"><span class=\"uagb-tm__author-name\">Claire Bernard<\/span><span class=\"uagb-tm__company\"><\/span><\/div><\/div><\/div><\/div><\/div><\/div><\/div>\n<\/div>\n<\/div>\n<\/div><\/div>\n","protected":false},"excerpt":{"rendered":"<p>\u2605 \u2605 \u2605 \u2605 D\u00e9couvrez l&rsquo;histoire de coupdecoin Nous offrons un service instantan\u00e9, gratuit et respectueux de l&rsquo;environnement pour vos [&hellip;]<\/p>\n","protected":false},"author":1,"featured_media":0,"parent":0,"menu_order":0,"comment_status":"closed","ping_status":"closed","template":"","meta":{"_uag_custom_page_level_css":"","site-sidebar-layout":"no-sidebar","site-content-layout":"","ast-site-content-layout":"full-width-container","site-content-style":"boxed","site-sidebar-style":"default","ast-global-header-display":"","ast-banner-title-visibility":"","ast-main-header-display":"","ast-hfb-above-header-display":"","ast-hfb-below-header-display":"","ast-hfb-mobile-header-display":"","site-post-title":"disabled","ast-breadcrumbs-content":"","ast-featured-img":"","footer-sml-layout":"","ast-disable-related-posts":"","theme-transparent-header-meta":"enabled","adv-header-id-meta":"","stick-header-meta":"","header-above-stick-meta":"","header-main-stick-meta":"","header-below-stick-meta":"","astra-migrate-meta-layouts":"default","ast-page-background-enabled":"default","ast-page-background-meta":{"desktop":{"background-color":"var(--ast-global-color-4)","background-image":"","background-repeat":"repeat","background-position":"center center","background-size":"auto","background-attachment":"scroll","background-type":"","background-media":"","overlay-type":"","overlay-color":"","overlay-opacity":"","overlay-gradient":""},"tablet":{"background-color":"","background-image":"","background-repeat":"repeat","background-position":"center center","background-size":"auto","background-attachment":"scroll","background-type":"","background-media":"","overlay-type":"","overlay-color":"","overlay-opacity":"","overlay-gradient":""},"mobile":{"background-color":"","background-image":"","background-repeat":"repeat","background-position":"center center","background-size":"auto","background-attachment":"scroll","background-type":"","background-media":"","overlay-type":"","overlay-color":"","overlay-opacity":"","overlay-gradient":""}},"ast-content-background-meta":{"desktop":{"background-color":"var(--ast-global-color-5)","background-image":"","background-repeat":"repeat","background-position":"center center","background-size":"auto","background-attachment":"scroll","background-type":"","background-media":"","overlay-type":"","overlay-color":"","overlay-opacity":"","overlay-gradient":""},"tablet":{"background-color":"var(--ast-global-color-5)","background-image":"","background-repeat":"repeat","background-position":"center center","background-size":"auto","background-attachment":"scroll","background-type":"","background-media":"","overlay-type":"","overlay-color":"","overlay-opacity":"","overlay-gradient":""},"mobile":{"background-color":"var(--ast-global-color-5)","background-image":"","background-repeat":"repeat","background-position":"center center","background-size":"auto","background-attachment":"scroll","background-type":"","background-media":"","overlay-type":"","overlay-color":"","overlay-opacity":"","overlay-gradient":""}},"footnotes":""},"class_list":["post-2181","page","type-page","status-publish","hentry"],"uagb_featured_image_src":{"full":false,"thumbnail":false,"medium":false,"medium_large":false,"large":false,"1536x1536":false,"2048x2048":false},"uagb_author_info":{"display_name":"talel94@gmail.com","author_link":"https:\/\/coupdecoin.fr\/?author=1"},"uagb_comment_info":0,"uagb_excerpt":"\u2605 \u2605 \u2605 \u2605 D\u00e9couvrez l&rsquo;histoire de coupdecoin Nous offrons un service instantan\u00e9, gratuit et respectueux de l&rsquo;environnement pour vos [&hellip;]","_links":{"self":[{"href":"https:\/\/coupdecoin.fr\/index.php?rest_route=\/wp\/v2\/pages\/2181","targetHints":{"allow":["GET"]}}],"collection":[{"href":"https:\/\/coupdecoin.fr\/index.php?rest_route=\/wp\/v2\/pages"}],"about":[{"href":"https:\/\/coupdecoin.fr\/index.php?rest_route=\/wp\/v2\/types\/page"}],"author":[{"embeddable":true,"href":"https:\/\/coupdecoin.fr\/index.php?rest_route=\/wp\/v2\/users\/1"}],"replies":[{"embeddable":true,"href":"https:\/\/coupdecoin.fr\/index.php?rest_route=%2Fwp%2Fv2%2Fcomments&post=2181"}],"version-history":[{"count":11,"href":"https:\/\/coupdecoin.fr\/index.php?rest_route=\/wp\/v2\/pages\/2181\/revisions"}],"predecessor-version":[{"id":2320,"href":"https:\/\/coupdecoin.fr\/index.php?rest_route=\/wp\/v2\/pages\/2181\/revisions\/2320"}],"wp:attachment":[{"href":"https:\/\/coupdecoin.fr\/index.php?rest_route=%2Fwp%2Fv2%2Fmedia&parent=2181"}],"curies":[{"name":"wp","href":"https:\/\/api.w.org\/{rel}","templated":true}]}}